{"id":9,"date":"2026-03-17T10:46:03","date_gmt":"2026-03-17T10:46:03","guid":{"rendered":"https:\/\/rasinacupovesti.ro\/?page_id=9"},"modified":"2026-03-17T11:43:24","modified_gmt":"2026-03-17T11:43:24","slug":"acasa","status":"publish","type":"page","link":"https:\/\/rasinacupovesti.ro\/","title":{"rendered":"Acas\u0103"},"content":{"rendered":"\n<div class=\"wp-block-group alignwide is-layout-constrained wp-block-group-is-layout-constrained\">\n<div class=\"wp-block-cover alignwide has-custom-content-position is-position-top-left wp-duotone-unset-1\" style=\"min-height:100vh;aspect-ratio:unset;\"><img loading=\"lazy\" decoding=\"async\" width=\"768\" height=\"1024\" class=\"wp-block-cover__image-background wp-image-22 size-large\" alt=\"\" src=\"https:\/\/rasinacupovesti.ro\/wp-content\/uploads\/2026\/03\/IMG_0288-768x1024.webp\" data-object-fit=\"cover\" srcset=\"https:\/\/rasinacupovesti.ro\/wp-content\/uploads\/2026\/03\/IMG_0288-768x1024.webp 768w, https:\/\/rasinacupovesti.ro\/wp-content\/uploads\/2026\/03\/IMG_0288-225x300.webp 225w, https:\/\/rasinacupovesti.ro\/wp-content\/uploads\/2026\/03\/IMG_0288-1152x1536.webp 1152w, https:\/\/rasinacupovesti.ro\/wp-content\/uploads\/2026\/03\/IMG_0288-1536x2048.webp 1536w, https:\/\/rasinacupovesti.ro\/wp-content\/uploads\/2026\/03\/IMG_0288-scaled.webp 1920w\" sizes=\"auto, (max-width: 768px) 100vw, 768px\" \/><span aria-hidden=\"true\" class=\"wp-block-cover__background has-background-dim\" style=\"background-color:#4a423d\"><\/span><div class=\"wp-block-cover__inner-container is-layout-constrained wp-block-cover-is-layout-constrained\">\n<p class=\"has-text-align-center has-large-font-size\"><mark style=\"background-color:rgba(0, 0, 0, 0);color:#ffffff\" class=\"has-inline-color\">Noi suntem Ana \u0219i Bogdan<\/mark><\/p>\n\n\n\n<p><strong><mark style=\"background-color:rgba(0, 0, 0, 0);color:#ffffff\" class=\"has-inline-color\">Descoper\u0103 pove\u0219ti nemuritoare \u00eencapsulate \u00een r\u0103\u0219in\u0103.<\/mark><\/strong><\/p>\n\n\n\n<p><\/p>\n\n\n\n<p><mark style=\"background-color:rgba(0, 0, 0, 0);color:#ffffff\" class=\"has-inline-color\">R\u0103\u0219in\u0103 cu Pove\u0219ti este un spa\u021biu dedicat creativit\u0103\u021bii \u0219i frumuse\u021bii artizanale. Aici vei g\u0103si bijuterii unice \u0219i decora\u021biuni deosebite, fiecare realizat\u0103 manual cu aten\u021bie la detalii \u0219i o pasiune profund\u0103 pentru capturarea momentelor magice<\/mark>.<\/p>\n<\/div><\/div>\n\n\n\n<p><br><br><\/p>\n<\/div>\n\n\n\n<figure class=\"wp-block-image size-large\"><img loading=\"lazy\" decoding=\"async\" width=\"768\" height=\"1024\" src=\"https:\/\/rasinacupovesti.ro\/wp-content\/uploads\/2026\/03\/IMG_2070-768x1024.webp\" alt=\"\" class=\"wp-image-18\" srcset=\"https:\/\/rasinacupovesti.ro\/wp-content\/uploads\/2026\/03\/IMG_2070-768x1024.webp 768w, https:\/\/rasinacupovesti.ro\/wp-content\/uploads\/2026\/03\/IMG_2070-225x300.webp 225w, https:\/\/rasinacupovesti.ro\/wp-content\/uploads\/2026\/03\/IMG_2070-1152x1536.webp 1152w, https:\/\/rasinacupovesti.ro\/wp-content\/uploads\/2026\/03\/IMG_2070-1536x2048.webp 1536w, https:\/\/rasinacupovesti.ro\/wp-content\/uploads\/2026\/03\/IMG_2070-scaled.webp 1920w\" sizes=\"auto, (max-width: 768px) 100vw, 768px\" \/><\/figure>\n\n\n\n<p><\/p>\n","protected":false},"excerpt":{"rendered":"","protected":false},"author":1,"featured_media":0,"parent":0,"menu_order":0,"comment_status":"closed","ping_status":"closed","template":"","meta":{"site-sidebar-layout":"default","site-content-layout":"","ast-site-content-layout":"default","site-content-style":"default","site-sidebar-style":"default","ast-global-header-display":"","ast-banner-title-visibility":"","ast-main-header-display":"","ast-hfb-above-header-display":"","ast-hfb-below-header-display":"","ast-hfb-mobile-header-display":"","site-post-title":"disabled","ast-breadcrumbs-content":"","ast-featured-img":"","footer-sml-layout":"","ast-disable-related-posts":"","theme-transparent-header-meta":"","adv-header-id-meta":"","stick-header-meta":"","header-above-stick-meta":"","header-main-stick-meta":"","header-below-stick-meta":"","astra-migrate-meta-layouts":"default","ast-page-background-enabled":"default","ast-page-background-meta":{"desktop":{"background-color":"var(--ast-global-color-5)","background-image":"","background-repeat":"repeat","background-position":"center center","background-size":"auto","background-attachment":"scroll","background-type":"","background-media":"","overlay-type":"","overlay-color":"","overlay-opacity":"","overlay-gradient":""},"tablet":{"background-color":"","background-image":"","background-repeat":"repeat","background-position":"center center","background-size":"auto","background-attachment":"scroll","background-type":"","background-media":"","overlay-type":"","overlay-color":"","overlay-opacity":"","overlay-gradient":""},"mobile":{"background-color":"","background-image":"","background-repeat":"repeat","background-position":"center center","background-size":"auto","background-attachment":"scroll","background-type":"","background-media":"","overlay-type":"","overlay-color":"","overlay-opacity":"","overlay-gradient":""}},"ast-content-background-meta":{"desktop":{"background-color":"var(--ast-global-color-4)","background-image":"","background-repeat":"repeat","background-position":"center center","background-size":"auto","background-attachment":"scroll","background-type":"","background-media":"","overlay-type":"","overlay-color":"","overlay-opacity":"","overlay-gradient":""},"tablet":{"background-color":"var(--ast-global-color-4)","background-image":"","background-repeat":"repeat","background-position":"center center","background-size":"auto","background-attachment":"scroll","background-type":"","background-media":"","overlay-type":"","overlay-color":"","overlay-opacity":"","overlay-gradient":""},"mobile":{"background-color":"var(--ast-global-color-4)","background-image":"","background-repeat":"repeat","background-position":"center center","background-size":"auto","background-attachment":"scroll","background-type":"","background-media":"","overlay-type":"","overlay-color":"","overlay-opacity":"","overlay-gradient":""}},"footnotes":""},"class_list":["post-9","page","type-page","status-publish","hentry"],"_links":{"self":[{"href":"https:\/\/rasinacupovesti.ro\/index.php?rest_route=\/wp\/v2\/pages\/9","targetHints":{"allow":["GET"]}}],"collection":[{"href":"https:\/\/rasinacupovesti.ro\/index.php?rest_route=\/wp\/v2\/pages"}],"about":[{"href":"https:\/\/rasinacupovesti.ro\/index.php?rest_route=\/wp\/v2\/types\/page"}],"author":[{"embeddable":true,"href":"https:\/\/rasinacupovesti.ro\/index.php?rest_route=\/wp\/v2\/users\/1"}],"replies":[{"embeddable":true,"href":"https:\/\/rasinacupovesti.ro\/index.php?rest_route=%2Fwp%2Fv2%2Fcomments&post=9"}],"version-history":[{"count":15,"href":"https:\/\/rasinacupovesti.ro\/index.php?rest_route=\/wp\/v2\/pages\/9\/revisions"}],"predecessor-version":[{"id":36,"href":"https:\/\/rasinacupovesti.ro\/index.php?rest_route=\/wp\/v2\/pages\/9\/revisions\/36"}],"wp:attachment":[{"href":"https:\/\/rasinacupovesti.ro\/index.php?rest_route=%2Fwp%2Fv2%2Fmedia&parent=9"}],"curies":[{"name":"wp","href":"https:\/\/api.w.org\/{rel}","templated":true}]}}